{"id":68,"date":"2019-04-23T12:21:05","date_gmt":"2019-04-23T12:21:05","guid":{"rendered":"https:\/\/team-scheiben.ch\/?page_id=68"},"modified":"2020-03-31T14:16:02","modified_gmt":"2020-03-31T14:16:02","slug":"impressum","status":"publish","type":"page","link":"https:\/\/team-scheiben.ch\/index.php\/impressum\/","title":{"rendered":"Impressum"},"content":{"rendered":"\n<p><strong>TEAMSCHEIBEN GmbH<\/strong><br> Im G\u00e4ssli 2<br> 4314 Zeiningen (AG)<br> Schweiz<\/p>\n\n\n\n<p>++41 (0)61 811 90 00<\/p>\n\n\n\n<p><strong>Kontakt<\/strong><br>atelier@team-scheiben.ch<a rel=\"noreferrer noopener\" href=\"mailto:info@rocknroll-branding.ch\" target=\"_blank\"><\/a><\/p>\n\n\n\n<p>MwSt. Nr: CHE-462.422.205 MWST<br>Handelsregister-Nummer: CHE-462.422.205<\/p>\n\n\n\n<p><strong>Verantwortlich f\u00fcr den Inhalt:<\/strong><br> TEAMSCHEIBEN GmbH, Andreas Scheiben<\/p>\n\n\n\n<hr class=\"wp-block-separator\"\/>\n\n\n\n<p><strong>Haftungsausschluss<\/strong><br> <strong>TEAMSCHEIBEN GmbH<\/strong> \u00fcbernimmt keinerlei Gew\u00e4hr  hinsichtlich der inhaltlichen Richtigkeit, Genauigkeit, Aktualit\u00e4t,  Zuverl\u00e4ssigkeit und Vollst\u00e4ndigkeit der Informationen.<br> Haftungsanspr\u00fcche gegen den Autor wegen Sch\u00e4den materieller oder  immaterieller Art, welche aus dem Zugriff oder der Nutzung bzw.  Nichtnutzung der ver\u00f6ffentlichten Informationen, durch Missbrauch der  Verbindung oder durch technische St\u00f6rungen entstanden sind, werden  ausgeschlossen.<br> Alle Angebote sind unverbindlich. <strong>TEAMSCHEIBEN GmbH<\/strong>beh\u00e4lt es sich ausdr\u00fccklich  vor, Teile der Seiten oder das gesamte Angebot ohne gesonderte  Ank\u00fcndigung zu ver\u00e4ndern, zu erg\u00e4nzen, zu l\u00f6schen oder die  Ver\u00f6ffentlichung zeitweise oder endg\u00fcltig einzustellen.<\/p>\n\n\n\n<p><strong>Haftung f\u00fcr Links<\/strong><br>\nVerweise und Links auf Webseiten Dritter liegen ausserhalb unseres \nVerantwortungsbereichs. Es wird jegliche Verantwortung f\u00fcr deren Inhalt \nabgelehnt. Der Zugriff und die Nutzung solcher Webseiten erfolgen auf \neigene Gefahr des Nutzers oder der Nutzerin.<\/p>\n\n\n\n<p><strong>Urheberrechte<\/strong><br> Die Urheber- und alle anderen Rechte an Inhalten, Bildern, Fotos oder anderen Dateien auf der Website geh\u00f6ren ausschliesslich <strong>TEAMSCHEIBEN GmbH<\/strong> oder den speziell genannten Rechtsinhabern. F\u00fcr die Reproduktion  jeglicher Elemente ist die schriftliche Zustimmung der  Urheberrechtstr\u00e4ger im Voraus einzuholen.<\/p>\n\n\n\n<p><strong>Datenschutz<\/strong><br>\nGest\u00fctzt auf Artikel 13 der schweizerischen Bundesverfassung und die \ndatenschutzrechtlichen Bestimmungen des Bundes (Datenschutzgesetz, DSG) \nhat jede Person Anspruch auf Schutz ihrer Privatsph\u00e4re sowie auf Schutz \nvor Missbrauch ihrer pers\u00f6nlichen Daten. Wir halten diese Bestimmungen \nein. Pers\u00f6nliche Daten werden streng vertraulich behandelt und weder an \nDritte verkauft noch weiter gegeben.<br>\nIn enger Zusammenarbeit mit unseren Hosting-Providern bem\u00fchen wir uns, \ndie Datenbanken so gut wie m\u00f6glich vor fremden Zugriffen, Verlusten, \nMissbrauch oder vor F\u00e4lschung zu sch\u00fctzen.<br>\nBeim Zugriff auf unsere Webseiten werden folgende Daten in Logfiles \ngespeichert: IP-Adresse, Datum, Uhrzeit, Browser-Anfrage und allg. \n\u00fcbertragene Informationen zum Betriebssystem resp. Browser. Diese \nNutzungsdaten bilden die Basis f\u00fcr statistische, anonyme Auswertungen, \nso dass Trends erkennbar sind, anhand derer wir unsere Angebote \nentsprechend verbessern k\u00f6nnen.<\/p>\n\n\n\n<p><strong>Datenschutzerkl\u00e4rung f\u00fcr die Nutzung von Facebook-Plugins (Like-Button)<\/strong><br>\nAuf unseren Seiten sind Plugins des sozialen Netzwerks Facebook, 1601 \nSouth California Avenue, Palo Alto, CA 94304, USA integriert. Die \nFacebook-Plugins erkennen Sie an dem Facebook-Logo oder dem \n\u201cLike-Button\u201d (\u201cGef\u00e4llt mir\u201d) auf unserer Seite. Eine \u00dcbersicht \u00fcber die\n Facebook-Plugins finden Sie hier: \nhttp:\/\/developers.facebook.com\/docs\/plugins\/.<br>\nWenn Sie unsere Seiten besuchen, wird \u00fcber das Plugin eine direkte \nVerbindung zwischen Ihrem Browser und dem Facebook-Server hergestellt. \nFacebook erh\u00e4lt dadurch die Information, dass Sie mit Ihrer IP-Adresse \nunsere Seite besucht haben. Wenn Sie den Facebook \u201cLike-Button\u201d \nanklicken w\u00e4hrend Sie in Ihrem Facebook-Account eingeloggt sind, k\u00f6nnen \nSie die Inhalte unserer Seiten auf Ihrem Facebook-Profil verlinken. \nDadurch kann Facebook den Besuch unserer Seiten Ihrem Benutzerkonto \nzuordnen. Wir weisen darauf hin, dass wir als Anbieter der Seiten keine \nKenntnis vom Inhalt der \u00fcbermittelten Daten sowie deren Nutzung durch \nFacebook erhalten. Weitere Informationen hierzu finden Sie in der \nDatenschutzerkl\u00e4rung von facebook unter \nhttps:\/\/www.facebook.com\/about\/privacy\/<br>\nWenn Sie nicht w\u00fcnschen, dass Facebook den Besuch unserer Seiten Ihrem \nFacebook-Nutzerkonto zuordnen kann, loggen Sie sich bitte aus Ihrem \nFacebook-Benutzerkonto aus.<\/p>\n\n\n\n<p><strong>Datenschutzerkl\u00e4rung f\u00fcr die Nutzung von Twitter<\/strong><br>\nAuf unseren Seiten sind Funktionen des Dienstes Twitter eingebunden. \nDiese Funktionen werden angeboten durch die Twitter Inc., 795 Folsom \nSt., Suite 600, San Francisco, CA 94107, USA. Durch das Benutzen von \nTwitter und der Funktion \u201cRe-Tweet\u201d werden die von Ihnen besuchten \nWebseiten mit Ihrem Twitter-Account verkn\u00fcpft und anderen Nutzern \nbekannt gegeben. Dabei werden u.a. Daten wie IP-Adresse, Browsertyp, \naufgerufene Domains, besuchte Seiten, Mobilfunkanbieter, Ger\u00e4te- und \nApplikations-IDs und Suchbegriffe an Twitter \u00fcbertragen.<br>\nWir weisen darauf hin, dass wir als Anbieter der Seiten keine Kenntnis \nvom Inhalt der \u00fcbermittelten Daten sowie deren Nutzung durch Twitter \nerhalten. Aufgrund laufender Aktualisierung der Datenschutzerkl\u00e4rung von\n Twitter, weisen wir auf die aktuellste Version unter \n(http:\/\/twitter.com\/privacy) hin.<br>\nIhre Datenschutzeinstellungen bei Twitter k\u00f6nnen Sie in den \nKonto-Einstellungen unter http:\/\/twitter.com\/account\/settings \u00e4ndern. \nBei Fragen wenden Sie sich an privacy@twitter.com.<\/p>\n\n\n\n<hr class=\"wp-block-separator\"\/>\n\n\n\n<p>WordPress Theme: Sydney von <a href=\"http:\/\/athemes.com\" target=\"_blank\" rel=\"noreferrer noopener\" aria-label=\" (\u00f6ffnet in neuem Tab)\">aThemes<\/a><\/p>\n","protected":false},"excerpt":{"rendered":"<p>TEAMSCHEIBEN GmbH Im G\u00e4ssli 2 4314 Zeiningen (AG) Schweiz ++41 (0)61 811 90 00 Kontaktatelier@team-scheiben.ch MwSt. Nr: CHE-462.422.205 MWSTHandelsregister-Nummer: CHE-462.422.205 Verantwortlich f\u00fcr den Inhalt: TEAMSCHEIBEN GmbH, Andreas Scheiben Haftungsausschluss TEAMSCHEIBEN GmbH \u00fcbernimmt keinerlei Gew\u00e4hr hinsichtlich der inhaltlichen Richtigkeit, Genauigkeit, Aktualit\u00e4t, Zuverl\u00e4ssigkeit und Vollst\u00e4ndigkeit der Informationen. Haftungsanspr\u00fcche gegen den Autor wegen Sch\u00e4den materieller oder immaterieller Art, [&hellip;]<\/p>\n","protected":false},"author":1,"featured_media":0,"parent":0,"menu_order":0,"comment_status":"closed","ping_status":"closed","template":"","meta":{"sfsi_plus_gutenberg_text_before_share":"","sfsi_plus_gutenberg_show_text_before_share":"","sfsi_plus_gutenberg_icon_type":"","sfsi_plus_gutenberg_icon_alignemt":"","sfsi_plus_gutenburg_max_per_row":"","spay_email":"","footnotes":""},"class_list":["post-68","page","type-page","status-publish","hentry"],"jetpack_sharing_enabled":true,"jetpack_shortlink":"https:\/\/wp.me\/PaWey5-16","_links":{"self":[{"href":"https:\/\/team-scheiben.ch\/index.php\/wp-json\/wp\/v2\/pages\/68","targetHints":{"allow":["GET"]}}],"collection":[{"href":"https:\/\/team-scheiben.ch\/index.php\/wp-json\/wp\/v2\/pages"}],"about":[{"href":"https:\/\/team-scheiben.ch\/index.php\/wp-json\/wp\/v2\/types\/page"}],"author":[{"embeddable":true,"href":"https:\/\/team-scheiben.ch\/index.php\/wp-json\/wp\/v2\/users\/1"}],"replies":[{"embeddable":true,"href":"https:\/\/team-scheiben.ch\/index.php\/wp-json\/wp\/v2\/comments?post=68"}],"version-history":[{"count":5,"href":"https:\/\/team-scheiben.ch\/index.php\/wp-json\/wp\/v2\/pages\/68\/revisions"}],"predecessor-version":[{"id":390,"href":"https:\/\/team-scheiben.ch\/index.php\/wp-json\/wp\/v2\/pages\/68\/revisions\/390"}],"wp:attachment":[{"href":"https:\/\/team-scheiben.ch\/index.php\/wp-json\/wp\/v2\/media?parent=68"}],"curies":[{"name":"wp","href":"https:\/\/api.w.org\/{rel}","templated":true}]}}