{"id":54,"date":"2019-04-16T21:39:35","date_gmt":"2019-04-16T21:39:35","guid":{"rendered":"https:\/\/team-scheiben.ch\/?page_id=54"},"modified":"2020-03-31T19:58:18","modified_gmt":"2020-03-31T19:58:18","slug":"teamscheiben-grafikdesign-digitalmarketing-social-media-fotografie","status":"publish","type":"page","link":"https:\/\/team-scheiben.ch\/","title":{"rendered":"TEAMSCHEIBEN \u2013 Die externe Grafik- und Marketingabteilung"},"content":{"rendered":"\n<p>Wir entwickeln und setzen Gesamtauftritte f\u00fcr KMUs, Vereine, Verb\u00e4nde, Non-Profit-Organisationen und Privatpersonen um. <br>Sie brauchen eine neue <strong>Visitenkarte<\/strong>, einen <strong>Flyer<\/strong> oder wollen auf <strong>Facebook<\/strong> und <strong>Instagram<\/strong> Werbung machen? Und alles soll einheitlich aussehen?<\/p>\n\n\n\n<p class=\"has-medium-font-size\"><em><strong>Dann sind Sie hier genau richtig!<\/strong><\/em><\/p>\n\n\n\n<p>Wir bieten Ihnen massgeschneidert <strong>klassische und digitale Werbung<\/strong>, damit Ihre Firma auch so gesehen wird, wie Sie es sich w\u00fcnschen!<\/p>\n\n\n\n<h4 class=\"wp-block-heading\">Ihre Vorteile bei TEAMSCHEIBEN<\/h4>\n\n\n\n<ul class=\"wp-block-list\"><li><em>Sie sparen einiges an Zeit<\/em> und k\u00f6nnen sich auf das Wesentliche, Ihr Kerngesch\u00e4ft konzentrieren.<\/li><li>Sie haben <em>EINEN zuverl\u00e4ssigen Ansprechpartner<\/em> f\u00fcr den Gesamtauftritt Ihrer Firma. <\/li><li>Sie erhalten ihre <em>gesamte Werbung aus einer Hand<\/em>.<\/li><li><em>Wiedererkennungswert und Bekanntheitsgrad<\/em> Ihrer Firma werden gesteigert, das Image gefestigt oder sogar verbessert.<\/li><\/ul>\n\n\n\n<hr class=\"wp-block-separator\"\/>\n\n\n\n<h4 class=\"wp-block-heading\">So arbeiten wir<\/h4>\n\n\n\n<ol class=\"wp-block-list\"><li>Wir lernen uns gegenseitig kennen. <\/li><li>Gemeinsam evaluieren wir in einem kurzen Brainstorming-Workshop den Bedarf.<\/li><li>Wir erstellen Ihnen ein Angebot.<\/li><li>\u2026es kann los gehen. <\/li><\/ol>\n\n\n\n<p>Vereinbaren Sie am besten gleich jetzt einen Termin:<br>++41 (0)61 811 90 00<br><a href=\"Mailto:atelier@team-scheiben.ch\">atelier@team-scheiben.ch<\/a><br><\/p>\n\n\n\n<p>Wir freuen uns auf Sie!<br>\nAndreas Scheiben<\/p>\n\n\n\n<figure class=\"wp-block-image is-resized\"><img loading=\"lazy\" decoding=\"async\" src=\"https:\/\/team-scheiben.ch\/wp-content\/uploads\/2019\/04\/Unterschrift-1024x975.jpg\" alt=\"Unterschrift Andreas Scheiben\" class=\"wp-image-106\" width=\"134\" height=\"127\" srcset=\"https:\/\/team-scheiben.ch\/wp-content\/uploads\/2019\/04\/Unterschrift-1024x975.jpg 1024w, https:\/\/team-scheiben.ch\/wp-content\/uploads\/2019\/04\/Unterschrift-600x572.jpg 600w, https:\/\/team-scheiben.ch\/wp-content\/uploads\/2019\/04\/Unterschrift-300x286.jpg 300w, https:\/\/team-scheiben.ch\/wp-content\/uploads\/2019\/04\/Unterschrift-768x732.jpg 768w, https:\/\/team-scheiben.ch\/wp-content\/uploads\/2019\/04\/Unterschrift-830x791.jpg 830w, https:\/\/team-scheiben.ch\/wp-content\/uploads\/2019\/04\/Unterschrift-230x219.jpg 230w, https:\/\/team-scheiben.ch\/wp-content\/uploads\/2019\/04\/Unterschrift-350x333.jpg 350w, https:\/\/team-scheiben.ch\/wp-content\/uploads\/2019\/04\/Unterschrift-480x457.jpg 480w\" sizes=\"auto, (max-width: 134px) 100vw, 134px\" \/><\/figure>\n\n\n\n<hr class=\"wp-block-separator\"\/>\n\n\n\n<h2 class=\"wp-block-heading\">Unser Angebot f\u00fcr Sie<\/h2>\n\n\n\n\t\t<div class=\"wpsm_service_b_row\" id=\"wpsm_service_b_row_82\">\r\n\t\t\t    <div class=\"wpsm_row\">\r\n        <style>\r\n\t\t\t.wpsm_row{\r\n\t\t\t\toverflow:hidden;\r\n\t\t\t\tdisplay:block;\r\n\t\t\t\twidth:100%;\r\n\t\t\t}\r\n\t\t\t.wpsm_service_b_row{ \r\n\t\t\t\toverflow:hidden;\r\n\t\t\t\tdisplay:block;\r\n\t\t\t\twidth:100%;\r\n\t\t\t\tborder:0px solid #ddd;\r\n\t\t\t\tmargin-bottom:20px;\r\n\t\t\t}\r\n\t\t\t\t\r\n\t\t #wpsm_service_b_row_82 .wpsm_serviceBox{\r\n\t\t\tpadding: 20px 10px 20px 10px;\r\n\t\t\ttext-align: center;\r\n\t\t\ttransition: all 0.3s ease 0s;\r\n\t\t   background:#e5e5e5;\r\n\t\t\tmargin-bottom:30px;\r\n\t\t}\r\n\t\t \r\n\t\t #wpsm_service_b_row_82 .wpsm_serviceBox .wpsm_service-icon i{\r\n\t\t\tfont-size: 60px;\r\n\t\t\t color: #636363 !important;\r\n\t\t}\r\n\t\t #wpsm_service_b_row_82 .wpsm_serviceBox .wpsm_service-content h3{\r\n\t\t   color: #000000 !important;\r\n\t\t\tfont-size: 22px !important;\r\n\t\t\tfont-weight: 600;\r\n\t\t\t\t\t   clear:inherit !important;\r\n\t\t\tline-height:1.4 !important;\r\n\t\t\tmargin-top:10px !important;\r\n\t\t\tmargin-bottom:0px !important;\r\n\t\t}\r\n\t\t #wpsm_service_b_row_82 .wpsm_serviceBox .wpsm_service-content p{\r\n\t\t   color:#7f7f7f !important;\r\n\t\t\tfont-size: 16px !important;\r\n\t\t\tline-height:1.4 !important;\r\n\t\t\t\t\t\tmargin-top:10px !important;\r\n\t\t\tmargin-bottom:0px !important;\r\n\t\t\t\r\n\t\t\t\r\n\t\t}\r\n\t\t #wpsm_service_b_row_82 .wpsm_serviceBox .wpsm_read_more{\r\n\t\t   margin-top:15px;\r\n\t\t   color: #4c4c4c !important;\r\n\t\t\tfont-size: 16px !important;\r\n\t\t   background:#ffffff;\r\n\t\t\tborder: 2px solid #ffffff;\r\n\t\t\ttext-decoration: none;\r\n\t\t\tdisplay: inline-block;\r\n\t\t\tpadding: 7px 10px;\r\n\t\t   border-radius: 0;\r\n\t\t\tfont-weight: normal;\r\n\t\t\t\t\t}\r\n\t\t\r\n\r\n\t\t\t\t\r\n\t\t<\/style>\r\n\t\t\t\t\t\t\t<div class=\"wpsm_col-md-6 wpsm_col-sm-6\">\r\n\t\t\t\t\t\t<div class=\"wpsm_serviceBox\">\r\n\t\t\t\t\t\t\t\t\t\t\t\t\t\t\t<div class=\"wpsm_service-icon\">\r\n\t\t\t\t\t\t\t\t\t<i class=\"fa fa-eye\"><\/i>\r\n\t\t\t\t\t\t\t\t<\/div>\r\n\t\t\t\t\t\t\t\t\t\t\t\t\t\t<div class=\"wpsm_service-content\">\r\n\t\t\t\t\t\t\t\t<h3>GRAFIKDESIGN<\/h3>\r\n\t\t\t\t\t\t\t\t<p>\r\n\t\t\t\t\t\t\t\t\tWir sorgen daf\u00fcr, dass Ihre hochwertigen Produkte oder Dienstleistungen auch gesehen werden! Von der Visitenkarte bis zur Plakatkampagne - Wir gestalten f\u00fcr Sie!\t\t\t\t\t\t\t\t<\/p>\r\n\t\t\t\t\t\t\t<\/div>\r\n\t\t\t\t\t\t\t\t\t\t\t\t\t\t\t\t\t\t\t\t\t\t\t\t<a href=\"https:\/\/team-scheiben.ch\/index.php\/grafikdesign\/\" class=\"btn btn-default wpsm_read_more\" target=\"_blank\">Weitere Infos<\/a>\r\n\t\t\t\t\t\t\t\t\t\t\t\t\t\t<\/div>\r\n\t\t\t\t\t<\/div>\r\n\t\t\t\t\t\t\t\t\t<div class=\"wpsm_col-md-6 wpsm_col-sm-6\">\r\n\t\t\t\t\t\t<div class=\"wpsm_serviceBox\">\r\n\t\t\t\t\t\t\t\t\t\t\t\t\t\t\t<div class=\"wpsm_service-icon\">\r\n\t\t\t\t\t\t\t\t\t<i class=\"fa fa-thumbs-o-up\"><\/i>\r\n\t\t\t\t\t\t\t\t<\/div>\r\n\t\t\t\t\t\t\t\t\t\t\t\t\t\t<div class=\"wpsm_service-content\">\r\n\t\t\t\t\t\t\t\t<h3>DIGITALMARKETING<\/h3>\r\n\t\t\t\t\t\t\t\t<p>\r\n\t\t\t\t\t\t\t\t\tIhre Firma ist auf einigen Social-Media-Kan\u00e4len aktiv, sie versenden regelm\u00e4ssig Ihren Newsletter, aber der gew\u00fcnschte Erfolg bleibt aus? Dann sind Sie hier genau richtig!\r\n\t\t\t\t\t\t\t\t<\/p>\r\n\t\t\t\t\t\t\t<\/div>\r\n\t\t\t\t\t\t\t\t\t\t\t\t\t\t\t\t\t\t\t\t\t\t\t\t<a href=\"https:\/\/team-scheiben.ch\/index.php\/digitalmarketing\/\" class=\"btn btn-default wpsm_read_more\" target=\"_blank\">Weitere Infos<\/a>\r\n\t\t\t\t\t\t\t\t\t\t\t\t\t\t<\/div>\r\n\t\t\t\t\t<\/div>\r\n\t\t\t\t\t\t\t\t\t<\/div>\r\n\t\t\t\t\t<div class=\"wpsm_row\">\r\n\t\t\t\t\t\t\t\t\t\t<div class=\"wpsm_col-md-6 wpsm_col-sm-6\">\r\n\t\t\t\t\t\t<div class=\"wpsm_serviceBox\">\r\n\t\t\t\t\t\t\t\t\t\t\t\t\t\t\t<div class=\"wpsm_service-icon\">\r\n\t\t\t\t\t\t\t\t\t<i class=\"fa fa-camera-retro\"><\/i>\r\n\t\t\t\t\t\t\t\t<\/div>\r\n\t\t\t\t\t\t\t\t\t\t\t\t\t\t<div class=\"wpsm_service-content\">\r\n\t\t\t\t\t\t\t\t<h3>FOTO \/ VIDEO<\/h3>\r\n\t\t\t\t\t\t\t\t<p>\r\n\t\t\t\t\t\t\t\t\tKeine Social-Media-Kampagne, keine Website, keine Brosch\u00fcre ohne aussagekr\u00e4ftige Bilder und \/ oder Videos. Gerne produzieren wir Ihre entsprechenden Inhalte!\r\n\t\t\t\t\t\t\t\t<\/p>\r\n\t\t\t\t\t\t\t<\/div>\r\n\t\t\t\t\t\t\t\t\t\t\t\t\t\t\t\t\t\t\t\t\t\t\t\t<a href=\"https:\/\/team-scheiben.ch\/index.php\/foto-video\/\" class=\"btn btn-default wpsm_read_more\" target=\"_blank\">Weitere Infos<\/a>\r\n\t\t\t\t\t\t\t\t\t\t\t\t\t\t<\/div>\r\n\t\t\t\t\t<\/div>\r\n\t\t\t\t\t\t\t\t\t<div class=\"wpsm_col-md-6 wpsm_col-sm-6\">\r\n\t\t\t\t\t\t<div class=\"wpsm_serviceBox\">\r\n\t\t\t\t\t\t\t\t\t\t\t\t\t\t\t<div class=\"wpsm_service-icon\">\r\n\t\t\t\t\t\t\t\t\t<i class=\"fa fa-laptop\"><\/i>\r\n\t\t\t\t\t\t\t\t<\/div>\r\n\t\t\t\t\t\t\t\t\t\t\t\t\t\t<div class=\"wpsm_service-content\">\r\n\t\t\t\t\t\t\t\t<h3>TEXTE<\/h3>\r\n\t\t\t\t\t\t\t\t<p>\r\n\t\t\t\t\t\t\t\t\tVor allem im Internet kommt es auf die richtigen Worte an. Schliesslich sollen Ihre Website oder Ihre Social-Media-Auftritte informativ sein, ohne dass der Leser lange Romane durcharbeiten muss. \t\t\t\t\t\t\t\t<\/p>\r\n\t\t\t\t\t\t\t<\/div>\r\n\t\t\t\t\t\t\t\t\t\t\t\t\t\t\t\t\t\t\t\t\t\t\t\t<a href=\"https:\/\/team-scheiben.ch\/index.php\/texte\/\" class=\"btn btn-default wpsm_read_more\" target=\"_blank\">Weitere Infos<\/a>\r\n\t\t\t\t\t\t\t\t\t\t\t\t\t\t<\/div>\r\n\t\t\t\t\t<\/div>\r\n\t\t\t\t\t\t\t\t\t<\/div>\r\n\t\t\t\t\t<div class=\"wpsm_row\">\r\n\t\t\t\t\t    \t\t\r\n    <\/div>\r\n    \t\t<\/div>\r\n\t\t\r\n\t\n","protected":false},"excerpt":{"rendered":"<p>Wir entwickeln und setzen Gesamtauftritte f\u00fcr KMUs, Vereine, Verb\u00e4nde, Non-Profit-Organisationen und Privatpersonen um. Sie brauchen eine neue Visitenkarte, einen Flyer oder wollen auf Facebook und Instagram Werbung machen? Und alles soll einheitlich aussehen? Dann sind Sie hier genau richtig! Wir bieten Ihnen massgeschneidert klassische und digitale Werbung, damit Ihre Firma auch so gesehen wird, wie [&hellip;]<\/p>\n","protected":false},"author":1,"featured_media":0,"parent":0,"menu_order":0,"comment_status":"closed","ping_status":"closed","template":"","meta":{"sfsi_plus_gutenberg_text_before_share":"","sfsi_plus_gutenberg_show_text_before_share":"","sfsi_plus_gutenberg_icon_type":"","sfsi_plus_gutenberg_icon_alignemt":"","sfsi_plus_gutenburg_max_per_row":"","spay_email":"","footnotes":""},"class_list":["post-54","page","type-page","status-publish","hentry"],"jetpack_sharing_enabled":true,"jetpack_shortlink":"https:\/\/wp.me\/PaWey5-S","_links":{"self":[{"href":"https:\/\/team-scheiben.ch\/index.php\/wp-json\/wp\/v2\/pages\/54","targetHints":{"allow":["GET"]}}],"collection":[{"href":"https:\/\/team-scheiben.ch\/index.php\/wp-json\/wp\/v2\/pages"}],"about":[{"href":"https:\/\/team-scheiben.ch\/index.php\/wp-json\/wp\/v2\/types\/page"}],"author":[{"embeddable":true,"href":"https:\/\/team-scheiben.ch\/index.php\/wp-json\/wp\/v2\/users\/1"}],"replies":[{"embeddable":true,"href":"https:\/\/team-scheiben.ch\/index.php\/wp-json\/wp\/v2\/comments?post=54"}],"version-history":[{"count":31,"href":"https:\/\/team-scheiben.ch\/index.php\/wp-json\/wp\/v2\/pages\/54\/revisions"}],"predecessor-version":[{"id":391,"href":"https:\/\/team-scheiben.ch\/index.php\/wp-json\/wp\/v2\/pages\/54\/revisions\/391"}],"wp:attachment":[{"href":"https:\/\/team-scheiben.ch\/index.php\/wp-json\/wp\/v2\/media?parent=54"}],"curies":[{"name":"wp","href":"https:\/\/api.w.org\/{rel}","templated":true}]}}