{"id":270,"date":"2019-11-25T12:04:37","date_gmt":"2019-11-25T12:04:37","guid":{"rendered":"https:\/\/team-scheiben.ch\/?page_id=270"},"modified":"2020-02-18T10:34:01","modified_gmt":"2020-02-18T10:34:01","slug":"schaufenster","status":"publish","type":"page","link":"https:\/\/team-scheiben.ch\/index.php\/schaufenster\/","title":{"rendered":"Arbeiten"},"content":{"rendered":"\n<figure class=\"wp-block-image size-large\"><img loading=\"lazy\" decoding=\"async\" width=\"1024\" height=\"576\" src=\"https:\/\/team-scheiben.ch\/wp-content\/uploads\/2020\/02\/2019-TEAMSCHEIBEN-Social-Media-Schaufenster-Social-Media-MassagePure-1024x576.png\" alt=\"\" class=\"wp-image-330\" srcset=\"https:\/\/team-scheiben.ch\/wp-content\/uploads\/2020\/02\/2019-TEAMSCHEIBEN-Social-Media-Schaufenster-Social-Media-MassagePure-1024x576.png 1024w, https:\/\/team-scheiben.ch\/wp-content\/uploads\/2020\/02\/2019-TEAMSCHEIBEN-Social-Media-Schaufenster-Social-Media-MassagePure-300x169.png 300w, https:\/\/team-scheiben.ch\/wp-content\/uploads\/2020\/02\/2019-TEAMSCHEIBEN-Social-Media-Schaufenster-Social-Media-MassagePure-768x432.png 768w, https:\/\/team-scheiben.ch\/wp-content\/uploads\/2020\/02\/2019-TEAMSCHEIBEN-Social-Media-Schaufenster-Social-Media-MassagePure-1536x864.png 1536w, https:\/\/team-scheiben.ch\/wp-content\/uploads\/2020\/02\/2019-TEAMSCHEIBEN-Social-Media-Schaufenster-Social-Media-MassagePure-830x467.png 830w, https:\/\/team-scheiben.ch\/wp-content\/uploads\/2020\/02\/2019-TEAMSCHEIBEN-Social-Media-Schaufenster-Social-Media-MassagePure-230x129.png 230w, https:\/\/team-scheiben.ch\/wp-content\/uploads\/2020\/02\/2019-TEAMSCHEIBEN-Social-Media-Schaufenster-Social-Media-MassagePure-350x197.png 350w, https:\/\/team-scheiben.ch\/wp-content\/uploads\/2020\/02\/2019-TEAMSCHEIBEN-Social-Media-Schaufenster-Social-Media-MassagePure-480x270.png 480w, https:\/\/team-scheiben.ch\/wp-content\/uploads\/2020\/02\/2019-TEAMSCHEIBEN-Social-Media-Schaufenster-Social-Media-MassagePure-600x338.png 600w, https:\/\/team-scheiben.ch\/wp-content\/uploads\/2020\/02\/2019-TEAMSCHEIBEN-Social-Media-Schaufenster-Social-Media-MassagePure.png 1920w\" sizes=\"auto, (max-width: 1024px) 100vw, 1024px\" \/><figcaption><a href=\"https:\/\/massage-pure.ch\/\" target=\"_blank\" rel=\"noreferrer noopener\" aria-label=\"MassagePure Thun (opens in a new tab)\">MassagePure Thun<\/a><br>F\u00fcr MassagePure durften wir ein komplettes ReBranding realisieren<\/figcaption><\/figure>\n\n\n\n<hr class=\"wp-block-separator\"\/>\n\n\n\n<figure class=\"wp-block-image size-large\"><img loading=\"lazy\" decoding=\"async\" width=\"1024\" height=\"576\" src=\"https:\/\/team-scheiben.ch\/wp-content\/uploads\/2020\/02\/2020-TEAMSCHEIBEN-Social-Media-Schaufenster-Social-Media-TVZunzgen-1024x576.png\" alt=\"\" class=\"wp-image-329\" srcset=\"https:\/\/team-scheiben.ch\/wp-content\/uploads\/2020\/02\/2020-TEAMSCHEIBEN-Social-Media-Schaufenster-Social-Media-TVZunzgen-1024x576.png 1024w, https:\/\/team-scheiben.ch\/wp-content\/uploads\/2020\/02\/2020-TEAMSCHEIBEN-Social-Media-Schaufenster-Social-Media-TVZunzgen-300x169.png 300w, https:\/\/team-scheiben.ch\/wp-content\/uploads\/2020\/02\/2020-TEAMSCHEIBEN-Social-Media-Schaufenster-Social-Media-TVZunzgen-768x432.png 768w, https:\/\/team-scheiben.ch\/wp-content\/uploads\/2020\/02\/2020-TEAMSCHEIBEN-Social-Media-Schaufenster-Social-Media-TVZunzgen-1536x864.png 1536w, https:\/\/team-scheiben.ch\/wp-content\/uploads\/2020\/02\/2020-TEAMSCHEIBEN-Social-Media-Schaufenster-Social-Media-TVZunzgen-830x467.png 830w, https:\/\/team-scheiben.ch\/wp-content\/uploads\/2020\/02\/2020-TEAMSCHEIBEN-Social-Media-Schaufenster-Social-Media-TVZunzgen-230x129.png 230w, https:\/\/team-scheiben.ch\/wp-content\/uploads\/2020\/02\/2020-TEAMSCHEIBEN-Social-Media-Schaufenster-Social-Media-TVZunzgen-350x197.png 350w, https:\/\/team-scheiben.ch\/wp-content\/uploads\/2020\/02\/2020-TEAMSCHEIBEN-Social-Media-Schaufenster-Social-Media-TVZunzgen-480x270.png 480w, https:\/\/team-scheiben.ch\/wp-content\/uploads\/2020\/02\/2020-TEAMSCHEIBEN-Social-Media-Schaufenster-Social-Media-TVZunzgen-600x338.png 600w, https:\/\/team-scheiben.ch\/wp-content\/uploads\/2020\/02\/2020-TEAMSCHEIBEN-Social-Media-Schaufenster-Social-Media-TVZunzgen.png 1920w\" sizes=\"auto, (max-width: 1024px) 100vw, 1024px\" \/><figcaption><a rel=\"noreferrer noopener\" aria-label=\"https:\/\/www.tvzunzgen.ch\/ (opens in a new tab)\" href=\"http:\/\/TV Zunzgen\" target=\"_blank\">TV Zunzge<\/a><a href=\"http:\/\/TV Zunzgen\" target=\"_blank\" rel=\"noreferrer noopener\" aria-label=\"https:\/\/www.tvzunzgen.ch\/ (opens in a new tab)\">n<\/a><br>F\u00fcr den Turnverein Zunzgen durften wir die Jubil\u00e4umsschrift zum 100 j\u00e4hrigen Jubil\u00e4um gestalten.<\/figcaption><\/figure>\n\n\n\n<hr class=\"wp-block-separator\"\/>\n\n\n\n<figure class=\"wp-block-image\"><img loading=\"lazy\" decoding=\"async\" width=\"1024\" height=\"576\" src=\"https:\/\/team-scheiben.ch\/wp-content\/uploads\/2019\/11\/2019-TEAMSCHEIBEN-Social-Media-Schaufenster-Grafikdesign-OptikMeyerMo\u0308hlin-1024x576.png\" alt=\"\" class=\"wp-image-274\" srcset=\"https:\/\/team-scheiben.ch\/wp-content\/uploads\/2019\/11\/2019-TEAMSCHEIBEN-Social-Media-Schaufenster-Grafikdesign-OptikMeyerMo\u0308hlin-1024x576.png 1024w, https:\/\/team-scheiben.ch\/wp-content\/uploads\/2019\/11\/2019-TEAMSCHEIBEN-Social-Media-Schaufenster-Grafikdesign-OptikMeyerMo\u0308hlin-300x169.png 300w, https:\/\/team-scheiben.ch\/wp-content\/uploads\/2019\/11\/2019-TEAMSCHEIBEN-Social-Media-Schaufenster-Grafikdesign-OptikMeyerMo\u0308hlin-768x432.png 768w, https:\/\/team-scheiben.ch\/wp-content\/uploads\/2019\/11\/2019-TEAMSCHEIBEN-Social-Media-Schaufenster-Grafikdesign-OptikMeyerMo\u0308hlin-830x467.png 830w, https:\/\/team-scheiben.ch\/wp-content\/uploads\/2019\/11\/2019-TEAMSCHEIBEN-Social-Media-Schaufenster-Grafikdesign-OptikMeyerMo\u0308hlin-230x129.png 230w, https:\/\/team-scheiben.ch\/wp-content\/uploads\/2019\/11\/2019-TEAMSCHEIBEN-Social-Media-Schaufenster-Grafikdesign-OptikMeyerMo\u0308hlin-350x197.png 350w, https:\/\/team-scheiben.ch\/wp-content\/uploads\/2019\/11\/2019-TEAMSCHEIBEN-Social-Media-Schaufenster-Grafikdesign-OptikMeyerMo\u0308hlin-480x270.png 480w, https:\/\/team-scheiben.ch\/wp-content\/uploads\/2019\/11\/2019-TEAMSCHEIBEN-Social-Media-Schaufenster-Grafikdesign-OptikMeyerMo\u0308hlin-600x338.png 600w, https:\/\/team-scheiben.ch\/wp-content\/uploads\/2019\/11\/2019-TEAMSCHEIBEN-Social-Media-Schaufenster-Grafikdesign-OptikMeyerMo\u0308hlin.png 1920w\" sizes=\"auto, (max-width: 1024px) 100vw, 1024px\" \/><figcaption><a rel=\"noreferrer noopener\" aria-label=\"Optik Meyer M\u00f6hlin GmbH (opens in a new tab)\" href=\"http:\/\/www.optik-meyer.ch\" target=\"_blank\"><strong>Optik Meyer M\u00f6hlin GmbH<\/strong><\/a><br> F\u00fcr den Brillenspezialisten durften wir eine 2-Phasen APG-Plakatkampagne  realisieren.<\/figcaption><\/figure>\n\n\n\n<hr class=\"wp-block-separator\"\/>\n\n\n\n<figure class=\"wp-block-image\"><img loading=\"lazy\" decoding=\"async\" width=\"1024\" height=\"576\" src=\"https:\/\/team-scheiben.ch\/wp-content\/uploads\/2019\/11\/2019-TEAMSCHEIBEN-Social-Media-Schaufenster-Grafikdesign-Operation-Rescue-1024x576.png\" alt=\"\" class=\"wp-image-273\" srcset=\"https:\/\/team-scheiben.ch\/wp-content\/uploads\/2019\/11\/2019-TEAMSCHEIBEN-Social-Media-Schaufenster-Grafikdesign-Operation-Rescue-1024x576.png 1024w, https:\/\/team-scheiben.ch\/wp-content\/uploads\/2019\/11\/2019-TEAMSCHEIBEN-Social-Media-Schaufenster-Grafikdesign-Operation-Rescue-300x169.png 300w, https:\/\/team-scheiben.ch\/wp-content\/uploads\/2019\/11\/2019-TEAMSCHEIBEN-Social-Media-Schaufenster-Grafikdesign-Operation-Rescue-768x432.png 768w, https:\/\/team-scheiben.ch\/wp-content\/uploads\/2019\/11\/2019-TEAMSCHEIBEN-Social-Media-Schaufenster-Grafikdesign-Operation-Rescue-830x467.png 830w, https:\/\/team-scheiben.ch\/wp-content\/uploads\/2019\/11\/2019-TEAMSCHEIBEN-Social-Media-Schaufenster-Grafikdesign-Operation-Rescue-230x129.png 230w, https:\/\/team-scheiben.ch\/wp-content\/uploads\/2019\/11\/2019-TEAMSCHEIBEN-Social-Media-Schaufenster-Grafikdesign-Operation-Rescue-350x197.png 350w, https:\/\/team-scheiben.ch\/wp-content\/uploads\/2019\/11\/2019-TEAMSCHEIBEN-Social-Media-Schaufenster-Grafikdesign-Operation-Rescue-480x270.png 480w, https:\/\/team-scheiben.ch\/wp-content\/uploads\/2019\/11\/2019-TEAMSCHEIBEN-Social-Media-Schaufenster-Grafikdesign-Operation-Rescue-600x338.png 600w, https:\/\/team-scheiben.ch\/wp-content\/uploads\/2019\/11\/2019-TEAMSCHEIBEN-Social-Media-Schaufenster-Grafikdesign-Operation-Rescue.png 1920w\" sizes=\"auto, (max-width: 1024px) 100vw, 1024px\" \/><figcaption><a rel=\"noreferrer noopener\" aria-label=\"Operation Rescue (opens in a new tab)\" href=\"http:\/\/www.operationrescue.ch\" target=\"_blank\"><strong>Operation Rescue<\/strong><\/a><br>  F\u00fcr das Kinderhilfswerk mit Sitz in der Schweiz, d\u00fcrfen wir regelm\u00e4ssig  das Layout verschiedener Printmedien, wie z.B. dem Newsletter (Print  &amp; digital) oder dem Jahresbericht (Print &amp; digital) realisieren.<br><\/figcaption><\/figure>\n\n\n\n<hr class=\"wp-block-separator\"\/>\n\n\n\n<figure class=\"wp-block-image\"><img loading=\"lazy\" decoding=\"async\" width=\"1024\" height=\"576\" src=\"https:\/\/team-scheiben.ch\/wp-content\/uploads\/2019\/11\/2019-TEAMSCHEIBEN-Social-Media-Schaufenster-Social-Media-Primewood-1024x576.png\" alt=\"\" class=\"wp-image-276\" srcset=\"https:\/\/team-scheiben.ch\/wp-content\/uploads\/2019\/11\/2019-TEAMSCHEIBEN-Social-Media-Schaufenster-Social-Media-Primewood-1024x576.png 1024w, https:\/\/team-scheiben.ch\/wp-content\/uploads\/2019\/11\/2019-TEAMSCHEIBEN-Social-Media-Schaufenster-Social-Media-Primewood-300x169.png 300w, https:\/\/team-scheiben.ch\/wp-content\/uploads\/2019\/11\/2019-TEAMSCHEIBEN-Social-Media-Schaufenster-Social-Media-Primewood-768x432.png 768w, https:\/\/team-scheiben.ch\/wp-content\/uploads\/2019\/11\/2019-TEAMSCHEIBEN-Social-Media-Schaufenster-Social-Media-Primewood-830x467.png 830w, https:\/\/team-scheiben.ch\/wp-content\/uploads\/2019\/11\/2019-TEAMSCHEIBEN-Social-Media-Schaufenster-Social-Media-Primewood-230x129.png 230w, https:\/\/team-scheiben.ch\/wp-content\/uploads\/2019\/11\/2019-TEAMSCHEIBEN-Social-Media-Schaufenster-Social-Media-Primewood-350x197.png 350w, https:\/\/team-scheiben.ch\/wp-content\/uploads\/2019\/11\/2019-TEAMSCHEIBEN-Social-Media-Schaufenster-Social-Media-Primewood-480x270.png 480w, https:\/\/team-scheiben.ch\/wp-content\/uploads\/2019\/11\/2019-TEAMSCHEIBEN-Social-Media-Schaufenster-Social-Media-Primewood-600x338.png 600w, https:\/\/team-scheiben.ch\/wp-content\/uploads\/2019\/11\/2019-TEAMSCHEIBEN-Social-Media-Schaufenster-Social-Media-Primewood.png 1920w\" sizes=\"auto, (max-width: 1024px) 100vw, 1024px\" \/><figcaption><a rel=\"noreferrer noopener\" aria-label=\"Primewood (opens in a new tab)\" href=\"http:\/\/www.primewood.ch\" target=\"_blank\">Primewood<\/a><br> F\u00fcr PRIMEWOOD d\u00fcrfen wir die Social-Media-Aktivit\u00e4ten als Mandat realisieren und betreuen. <\/figcaption><\/figure>\n\n\n\n<hr class=\"wp-block-separator\"\/>\n\n\n\n<figure class=\"wp-block-image\"><img loading=\"lazy\" decoding=\"async\" width=\"1024\" height=\"576\" src=\"https:\/\/team-scheiben.ch\/wp-content\/uploads\/2019\/11\/2019-TEAMSCHEIBEN-Social-Media-Schaufenster-Social-Media-Primefire-1024x576.png\" alt=\"\" class=\"wp-image-275\" srcset=\"https:\/\/team-scheiben.ch\/wp-content\/uploads\/2019\/11\/2019-TEAMSCHEIBEN-Social-Media-Schaufenster-Social-Media-Primefire-1024x576.png 1024w, https:\/\/team-scheiben.ch\/wp-content\/uploads\/2019\/11\/2019-TEAMSCHEIBEN-Social-Media-Schaufenster-Social-Media-Primefire-300x169.png 300w, https:\/\/team-scheiben.ch\/wp-content\/uploads\/2019\/11\/2019-TEAMSCHEIBEN-Social-Media-Schaufenster-Social-Media-Primefire-768x432.png 768w, https:\/\/team-scheiben.ch\/wp-content\/uploads\/2019\/11\/2019-TEAMSCHEIBEN-Social-Media-Schaufenster-Social-Media-Primefire-830x467.png 830w, https:\/\/team-scheiben.ch\/wp-content\/uploads\/2019\/11\/2019-TEAMSCHEIBEN-Social-Media-Schaufenster-Social-Media-Primefire-230x129.png 230w, https:\/\/team-scheiben.ch\/wp-content\/uploads\/2019\/11\/2019-TEAMSCHEIBEN-Social-Media-Schaufenster-Social-Media-Primefire-350x197.png 350w, https:\/\/team-scheiben.ch\/wp-content\/uploads\/2019\/11\/2019-TEAMSCHEIBEN-Social-Media-Schaufenster-Social-Media-Primefire-480x270.png 480w, https:\/\/team-scheiben.ch\/wp-content\/uploads\/2019\/11\/2019-TEAMSCHEIBEN-Social-Media-Schaufenster-Social-Media-Primefire-600x338.png 600w, https:\/\/team-scheiben.ch\/wp-content\/uploads\/2019\/11\/2019-TEAMSCHEIBEN-Social-Media-Schaufenster-Social-Media-Primefire.png 1920w\" sizes=\"auto, (max-width: 1024px) 100vw, 1024px\" \/><figcaption><a rel=\"noreferrer noopener\" aria-label=\"Primefire (opens in a new tab)\" href=\"http:\/\/www.primefire.ch\" target=\"_blank\">Primefire<\/a><br> F\u00fcr PRIMEFIRE d\u00fcrfen wir die Social-Media-Aktivit\u00e4ten als Mandat realisieren und betreuen.<\/figcaption><\/figure>\n\n\n\n<hr class=\"wp-block-separator\"\/>\n\n\n\n<figure class=\"wp-block-image is-resized\"><img loading=\"lazy\" decoding=\"async\" src=\"https:\/\/team-scheiben.ch\/wp-content\/uploads\/2019\/11\/2019-TEAMSCHEIBEN-Social-Media-Schaufenster-Foto-QL-1024x576.png\" alt=\"\" class=\"wp-image-271\" width=\"775\" height=\"435\" srcset=\"https:\/\/team-scheiben.ch\/wp-content\/uploads\/2019\/11\/2019-TEAMSCHEIBEN-Social-Media-Schaufenster-Foto-QL-1024x576.png 1024w, https:\/\/team-scheiben.ch\/wp-content\/uploads\/2019\/11\/2019-TEAMSCHEIBEN-Social-Media-Schaufenster-Foto-QL-300x169.png 300w, https:\/\/team-scheiben.ch\/wp-content\/uploads\/2019\/11\/2019-TEAMSCHEIBEN-Social-Media-Schaufenster-Foto-QL-768x432.png 768w, https:\/\/team-scheiben.ch\/wp-content\/uploads\/2019\/11\/2019-TEAMSCHEIBEN-Social-Media-Schaufenster-Foto-QL-830x467.png 830w, https:\/\/team-scheiben.ch\/wp-content\/uploads\/2019\/11\/2019-TEAMSCHEIBEN-Social-Media-Schaufenster-Foto-QL-230x129.png 230w, https:\/\/team-scheiben.ch\/wp-content\/uploads\/2019\/11\/2019-TEAMSCHEIBEN-Social-Media-Schaufenster-Foto-QL-350x197.png 350w, https:\/\/team-scheiben.ch\/wp-content\/uploads\/2019\/11\/2019-TEAMSCHEIBEN-Social-Media-Schaufenster-Foto-QL-480x270.png 480w, https:\/\/team-scheiben.ch\/wp-content\/uploads\/2019\/11\/2019-TEAMSCHEIBEN-Social-Media-Schaufenster-Foto-QL-600x338.png 600w, https:\/\/team-scheiben.ch\/wp-content\/uploads\/2019\/11\/2019-TEAMSCHEIBEN-Social-Media-Schaufenster-Foto-QL.png 1920w\" sizes=\"auto, (max-width: 775px) 100vw, 775px\" \/><figcaption><strong><a rel=\"noreferrer noopener\" aria-label=\" (opens in a new tab)\" href=\"http:\/\/www.funpunk.ch\" target=\"_blank\">QL<\/a><\/strong><br> F\u00fcr die Funpunk-Band aus Biel durften wir das KeyVisual der aktuellen Tour shooten.<\/figcaption><\/figure>\n\n\n\n<hr class=\"wp-block-separator\"\/>\n\n\n\n<div class=\"wp-block-file\"><a href=\"https:\/\/team-scheiben.ch\/wp-content\/uploads\/2020\/02\/2020-TEAMSCHEIBEN-Referenzen.pdf\">2020-TEAMSCHEIBEN-Referenzen<\/a><a href=\"https:\/\/team-scheiben.ch\/wp-content\/uploads\/2020\/02\/2020-TEAMSCHEIBEN-Referenzen.pdf\" class=\"wp-block-file__button\" download>Herunterladen<\/a><\/div>\n\n\n\n<hr class=\"wp-block-separator\"\/>\n\n\n\n<h4 class=\"wp-block-heading\">Brauchen auch Sie Unterst\u00fctzung in Sachen Werbung?<\/h4>\n\n\n\n<p> Nehmen Sie einfach mit uns <a href=\"https:\/\/team-scheiben.ch\/index.php\/kontaktieren-sie-uns\/\">Kontakt<\/a> auf &#8211; Wir freuen uns auf Ihre W\u00fcnsche und Ideen!<\/p>\n\n\n\n<p><\/p>\n","protected":false},"excerpt":{"rendered":"<p>Brauchen auch Sie Unterst\u00fctzung in Sachen Werbung? Nehmen Sie einfach mit uns Kontakt auf &#8211; Wir freuen uns auf Ihre W\u00fcnsche und Ideen!<\/p>\n","protected":false},"author":1,"featured_media":0,"parent":0,"menu_order":0,"comment_status":"closed","ping_status":"closed","template":"","meta":{"sfsi_plus_gutenberg_text_before_share":"","sfsi_plus_gutenberg_show_text_before_share":"","sfsi_plus_gutenberg_icon_type":"","sfsi_plus_gutenberg_icon_alignemt":"","sfsi_plus_gutenburg_max_per_row":"","spay_email":"","footnotes":""},"class_list":["post-270","page","type-page","status-publish","hentry"],"jetpack_sharing_enabled":true,"jetpack_shortlink":"https:\/\/wp.me\/PaWey5-4m","_links":{"self":[{"href":"https:\/\/team-scheiben.ch\/index.php\/wp-json\/wp\/v2\/pages\/270","targetHints":{"allow":["GET"]}}],"collection":[{"href":"https:\/\/team-scheiben.ch\/index.php\/wp-json\/wp\/v2\/pages"}],"about":[{"href":"https:\/\/team-scheiben.ch\/index.php\/wp-json\/wp\/v2\/types\/page"}],"author":[{"embeddable":true,"href":"https:\/\/team-scheiben.ch\/index.php\/wp-json\/wp\/v2\/users\/1"}],"replies":[{"embeddable":true,"href":"https:\/\/team-scheiben.ch\/index.php\/wp-json\/wp\/v2\/comments?post=270"}],"version-history":[{"count":8,"href":"https:\/\/team-scheiben.ch\/index.php\/wp-json\/wp\/v2\/pages\/270\/revisions"}],"predecessor-version":[{"id":335,"href":"https:\/\/team-scheiben.ch\/index.php\/wp-json\/wp\/v2\/pages\/270\/revisions\/335"}],"wp:attachment":[{"href":"https:\/\/team-scheiben.ch\/index.php\/wp-json\/wp\/v2\/media?parent=270"}],"curies":[{"name":"wp","href":"https:\/\/api.w.org\/{rel}","templated":true}]}}