{"id":151,"date":"2019-04-30T13:59:29","date_gmt":"2019-04-30T13:59:29","guid":{"rendered":"https:\/\/team-scheiben.ch\/?page_id=151"},"modified":"2019-10-30T10:29:57","modified_gmt":"2019-10-30T10:29:57","slug":"digitalmarketing","status":"publish","type":"page","link":"https:\/\/team-scheiben.ch\/index.php\/digitalmarketing\/","title":{"rendered":"Digitalmarketing"},"content":{"rendered":"\n<p>Wir entwickeln Ihre ganz individuelle Strategie f\u00fcr einen erfolgreichen Auftritt in sozialen Medien wie Facebook oder Instagram. Nat\u00fcrlich realisieren wir auch die entsprechenden Inhalte wie Texte, Bilder und Videos f\u00fcr Sie. Selbstverst\u00e4ndlich im CI \/ CD Ihrer Firma. <\/p>\n\n\n\n<hr class=\"wp-block-separator\"\/>\n\n\n\n<h4 class=\"wp-block-heading\">Unser Digitalmarketing-Angebot f\u00fcr Sie: <\/h4>\n\n\n\n<ul class=\"wp-block-list\"><li>Wir entwickeln Strategien und Konzepte f\u00fcr Ihren grossen Auftritt im Internet. <\/li><li>Wir \u00fcbernehmen die Betreuung Ihrer Social-Media-Kan\u00e4le.<\/li><li>Wir schalten Social-Media-Kampagnen f\u00fcr Sie.<\/li><li>Wir erstellen einen Redaktionsplan. So behalten Sie stets den \u00dcberblick \u00fcber all Ihre Werbe-Aktivit\u00e4ten!<\/li><li>Wir behalten die wichtigsten Kennzahlen f\u00fcr Sie im Auge. <\/li><li>Wir erstellen Ihre Newsletters. <\/li><li>Wir erstellen und pflegen Ihre Website.<\/li><\/ul>\n\n\n\n<hr class=\"wp-block-separator\"\/>\n\n\n\n<p>Gerne\nanalysieren wir kostenlos ihre Digitalmarketing-Aktivit\u00e4ten und liefern Ihnen erste\nIdeen, was ver\u00e4ndert werden k\u00f6nnte. <\/p>\n\n\n\n<p><a href=\"https:\/\/team-scheiben.ch\/index.php\/kontaktieren-sie-uns\/\">HIER<\/a> k\u00f6nnen Sie ganz einfach mit uns Kontakt aufnehmen. <br><br>Wir freuen uns Sie kennen zu lernen! <\/p>\n","protected":false},"excerpt":{"rendered":"<p>Wir entwickeln Ihre ganz individuelle Strategie f\u00fcr einen erfolgreichen Auftritt in sozialen Medien wie Facebook oder Instagram. Nat\u00fcrlich realisieren wir auch die entsprechenden Inhalte wie Texte, Bilder und Videos f\u00fcr Sie. Selbstverst\u00e4ndlich im CI \/ CD Ihrer Firma. Unser Digitalmarketing-Angebot f\u00fcr Sie: Wir entwickeln Strategien und Konzepte f\u00fcr Ihren grossen Auftritt im Internet. Wir \u00fcbernehmen [&hellip;]<\/p>\n","protected":false},"author":1,"featured_media":0,"parent":0,"menu_order":0,"comment_status":"closed","ping_status":"closed","template":"","meta":{"sfsi_plus_gutenberg_text_before_share":"","sfsi_plus_gutenberg_show_text_before_share":"","sfsi_plus_gutenberg_icon_type":"","sfsi_plus_gutenberg_icon_alignemt":"","sfsi_plus_gutenburg_max_per_row":"","spay_email":"","footnotes":""},"class_list":["post-151","page","type-page","status-publish","hentry"],"jetpack_sharing_enabled":true,"jetpack_shortlink":"https:\/\/wp.me\/PaWey5-2r","_links":{"self":[{"href":"https:\/\/team-scheiben.ch\/index.php\/wp-json\/wp\/v2\/pages\/151","targetHints":{"allow":["GET"]}}],"collection":[{"href":"https:\/\/team-scheiben.ch\/index.php\/wp-json\/wp\/v2\/pages"}],"about":[{"href":"https:\/\/team-scheiben.ch\/index.php\/wp-json\/wp\/v2\/types\/page"}],"author":[{"embeddable":true,"href":"https:\/\/team-scheiben.ch\/index.php\/wp-json\/wp\/v2\/users\/1"}],"replies":[{"embeddable":true,"href":"https:\/\/team-scheiben.ch\/index.php\/wp-json\/wp\/v2\/comments?post=151"}],"version-history":[{"count":4,"href":"https:\/\/team-scheiben.ch\/index.php\/wp-json\/wp\/v2\/pages\/151\/revisions"}],"predecessor-version":[{"id":260,"href":"https:\/\/team-scheiben.ch\/index.php\/wp-json\/wp\/v2\/pages\/151\/revisions\/260"}],"wp:attachment":[{"href":"https:\/\/team-scheiben.ch\/index.php\/wp-json\/wp\/v2\/media?parent=151"}],"curies":[{"name":"wp","href":"https:\/\/api.w.org\/{rel}","templated":true}]}}