{"id":108,"date":"2019-04-30T13:52:53","date_gmt":"2019-04-30T13:52:53","guid":{"rendered":"https:\/\/team-scheiben.ch\/?page_id=108"},"modified":"2019-04-30T18:12:27","modified_gmt":"2019-04-30T18:12:27","slug":"grafikdesign","status":"publish","type":"page","link":"https:\/\/team-scheiben.ch\/index.php\/grafikdesign\/","title":{"rendered":"Grafikdesign"},"content":{"rendered":"\n<p>Nie war die Konkurrenz gr\u00f6sser, nie konnte sich ein potentieller Kunde so leicht online \u00fcber Angebote informieren und diese miteinander vergleichen. <br>Ein pr\u00e4gnanter und gut durchdachter Gesamtauftritt ist f\u00fcr Firmen daher wichtiger denn je. <\/p>\n\n\n\n<p>Wir gestalten so, dass sich Print- \/ und Digitalmedien perfekt erg\u00e4nzen und optimal miteinander harmonieren. <br \/><br \/>So wird Ihre Firma sofort wiedererkannt!<\/p>\n\n\n\n<hr \/>\n\n\n\n<h4 class=\"wp-block-heading\">Unser Grafikdesign-Angebot f\u00fcr Sie: <\/h4>\n\n\n\n<ul class=\"wp-block-list\"><li>Wir entwickeln das CI \/ CD Ihrer Firma<\/li><li>Wir gestalten auff\u00e4llige Flyer.<\/li><li>Wir gestalten stilvolle Visitenkarten.<\/li><li>Wir lassen Ihre Firma oder Ihr Produkt in einer Brosch\u00fcre gl\u00e4nzen.<\/li><li>Wir gestalten Ihre Beschriftungen.<\/li><li>Wir gestalten und bestellen Ihre Werbegeschenke.<\/li><li>Wir gestalten und bestellen Ihre Merchandise-Artikel.<\/li><li>Wir organisieren und gestalten Ihre Plakatkampagne. <\/li><li>Wir erarbeiten Ihre Powerpoint-Pr\u00e4sentationen f\u00fcr Produkte- oder Firmenvorstellungen.<\/li><li>\u2026und was Sie sonst noch so brauchen. <\/li><\/ul>\n\n\n\n<hr \/>\n\n\n\n<p><a href=\"https:\/\/team-scheiben.ch\/index.php\/kontaktieren-sie-uns\/\">HIER<\/a> k\u00f6nnen Sie ganz einfach mit uns Kontakt aufnehmen. <br \/><br \/>Wir freuen uns Sie kennen zu lernen! <\/p>\n","protected":false},"excerpt":{"rendered":"<p>Nie war die Konkurrenz gr\u00f6sser, nie konnte sich ein potentieller Kunde so leicht online \u00fcber Angebote informieren und diese miteinander vergleichen. Ein pr\u00e4gnanter und gut durchdachter Gesamtauftritt ist f\u00fcr Firmen daher wichtiger denn je. Wir gestalten so, dass sich Print- \/ und Digitalmedien perfekt erg\u00e4nzen und optimal miteinander harmonieren. So wird Ihre Firma sofort wiedererkannt! [&hellip;]<\/p>\n","protected":false},"author":1,"featured_media":0,"parent":0,"menu_order":0,"comment_status":"closed","ping_status":"closed","template":"","meta":{"sfsi_plus_gutenberg_text_before_share":"","sfsi_plus_gutenberg_show_text_before_share":"","sfsi_plus_gutenberg_icon_type":"","sfsi_plus_gutenberg_icon_alignemt":"","sfsi_plus_gutenburg_max_per_row":"","spay_email":"","footnotes":""},"class_list":["post-108","page","type-page","status-publish","hentry"],"jetpack_sharing_enabled":true,"jetpack_shortlink":"https:\/\/wp.me\/PaWey5-1K","_links":{"self":[{"href":"https:\/\/team-scheiben.ch\/index.php\/wp-json\/wp\/v2\/pages\/108","targetHints":{"allow":["GET"]}}],"collection":[{"href":"https:\/\/team-scheiben.ch\/index.php\/wp-json\/wp\/v2\/pages"}],"about":[{"href":"https:\/\/team-scheiben.ch\/index.php\/wp-json\/wp\/v2\/types\/page"}],"author":[{"embeddable":true,"href":"https:\/\/team-scheiben.ch\/index.php\/wp-json\/wp\/v2\/users\/1"}],"replies":[{"embeddable":true,"href":"https:\/\/team-scheiben.ch\/index.php\/wp-json\/wp\/v2\/comments?post=108"}],"version-history":[{"count":13,"href":"https:\/\/team-scheiben.ch\/index.php\/wp-json\/wp\/v2\/pages\/108\/revisions"}],"predecessor-version":[{"id":400,"href":"https:\/\/team-scheiben.ch\/index.php\/wp-json\/wp\/v2\/pages\/108\/revisions\/400"}],"wp:attachment":[{"href":"https:\/\/team-scheiben.ch\/index.php\/wp-json\/wp\/v2\/media?parent=108"}],"curies":[{"name":"wp","href":"https:\/\/api.w.org\/{rel}","templated":true}]}}